{"id":24,"date":"2025-10-03T13:27:42","date_gmt":"2025-10-03T13:27:42","guid":{"rendered":"https:\/\/strwaedu.org\/about\/"},"modified":"2025-10-16T00:16:19","modified_gmt":"2025-10-16T00:16:19","slug":"sobre_nosotros","status":"publish","type":"page","link":"https:\/\/strwaedu.org\/?page_id=24","title":{"rendered":"Sobre nosotros"},"content":{"rendered":"\t\t<div data-elementor-type=\"wp-page\" data-elementor-id=\"24\" class=\"elementor elementor-24\">\n\t\t\t\t<div class=\"elementor-element elementor-element-3f74ed3 e-flex e-con-boxed e-con e-parent\" data-id=\"3f74ed3\" data-element_type=\"container\" data-e-type=\"container\" data-settings=\"{&quot;background_background&quot;:&quot;classic&quot;}\">\n\t\t\t\t\t<div class=\"e-con-inner\">\n\t\t\t\t<div class=\"elementor-element elementor-element-4beb63b1 elementor-widget elementor-widget-heading\" data-id=\"4beb63b1\" data-element_type=\"widget\" data-e-type=\"widget\" data-widget_type=\"heading.default\">\n\t\t\t\t\t<h1 class=\"elementor-heading-title elementor-size-default\">Sobre nosotros<\/h1>\t\t\t\t<\/div>\n\t\t\t\t<div class=\"elementor-element elementor-element-5e5df3c3 elementor-widget elementor-widget-text-editor\" data-id=\"5e5df3c3\" data-element_type=\"widget\" data-e-type=\"widget\" data-widget_type=\"text-editor.default\">\n\t\t\t\t\t\t\t\t\t<p>Con\u00f3cenos mejor<\/p>\t\t\t\t\t\t\t\t<\/div>\n\t\t\t\t\t<\/div>\n\t\t\t\t<\/div>\n\t\t<div class=\"elementor-element elementor-element-24e3c30d e-flex e-con-boxed e-con e-parent\" data-id=\"24e3c30d\" data-element_type=\"container\" data-e-type=\"container\">\n\t\t\t\t\t<div class=\"e-con-inner\">\n\t\t<div class=\"elementor-element elementor-element-55dc3184 e-con-full e-flex e-con e-child\" data-id=\"55dc3184\" data-element_type=\"container\" data-e-type=\"container\">\n\t\t\t\t<div class=\"elementor-element elementor-element-168c8383 elementor-widget elementor-widget-image\" data-id=\"168c8383\" data-element_type=\"widget\" data-e-type=\"widget\" data-widget_type=\"image.default\">\n\t\t\t\t\t\t\t\t\t\t\t\t\t\t\t<img fetchpriority=\"high\" decoding=\"async\" width=\"1024\" height=\"1536\" src=\"https:\/\/strwaedu.org\/wp-content\/uploads\/2025\/10\/jcalvin.png\" class=\"attachment-full size-full wp-image-220\" alt=\"\" srcset=\"https:\/\/strwaedu.org\/wp-content\/uploads\/2025\/10\/jcalvin.png 1024w, https:\/\/strwaedu.org\/wp-content\/uploads\/2025\/10\/jcalvin-200x300.png 200w, https:\/\/strwaedu.org\/wp-content\/uploads\/2025\/10\/jcalvin-683x1024.png 683w, https:\/\/strwaedu.org\/wp-content\/uploads\/2025\/10\/jcalvin-768x1152.png 768w\" sizes=\"(max-width: 1024px) 100vw, 1024px\" \/>\t\t\t\t\t\t\t\t\t\t\t\t\t\t\t<\/div>\n\t\t\t\t<\/div>\n\t\t<div class=\"elementor-element elementor-element-752e6eeb e-con-full e-flex e-con e-child\" data-id=\"752e6eeb\" data-element_type=\"container\" data-e-type=\"container\">\n\t\t\t\t<div class=\"elementor-element elementor-element-80b6431 elementor-widget elementor-widget-heading\" data-id=\"80b6431\" data-element_type=\"widget\" data-e-type=\"widget\" data-widget_type=\"heading.default\">\n\t\t\t\t\t<h2 class=\"elementor-heading-title elementor-size-default\">Acerca de STRWA<\/h2>\t\t\t\t<\/div>\n\t\t\t\t<div class=\"elementor-element elementor-element-48968e2c elementor-widget elementor-widget-text-editor\" data-id=\"48968e2c\" data-element_type=\"widget\" data-e-type=\"widget\" data-widget_type=\"text-editor.default\">\n\t\t\t\t\t\t\t\t\t<p>El <strong data-start=\"292\" data-end=\"338\">Seminario Teol\u00f3gico Reformado William Ames<\/strong> ofrece una formaci\u00f3n teol\u00f3gica profunda y fiel a las Escrituras, orientada a preparar a pastores, maestros y l\u00edderes para el servicio en la iglesia de Cristo. Nuestro prop\u00f3sito es cultivar una mente b\u00edblica, un coraz\u00f3n pastoral y una vida consagrada al Se\u00f1or, conforme a los principios de la fe reformada.<\/p><p>Desde su fundaci\u00f3n, el seminario ha procurado integrar la <strong data-start=\"706\" data-end=\"730\">excelencia acad\u00e9mica<\/strong>, la <strong data-start=\"735\" data-end=\"759\">formaci\u00f3n espiritual<\/strong> y la <strong data-start=\"765\" data-end=\"788\">aplicaci\u00f3n pr\u00e1ctica<\/strong> del conocimiento teol\u00f3gico, para que cada estudiante sea equipado en la verdad, guiado por el Esp\u00edritu y comprometido con la edificaci\u00f3n del pueblo de Dios.<\/p>\t\t\t\t\t\t\t\t<\/div>\n\t\t\t\t<div class=\"elementor-element elementor-element-5e6a8204 elementor-widget elementor-widget-button\" data-id=\"5e6a8204\" data-element_type=\"widget\" data-e-type=\"widget\" data-widget_type=\"button.default\">\n\t\t\t\t\t\t\t\t\t\t<a class=\"elementor-button elementor-button-link elementor-size-sm\" href=\"#\">\n\t\t\t\t\t\t<span class=\"elementor-button-content-wrapper\">\n\t\t\t\t\t\t\t\t\t<span class=\"elementor-button-text\">APLICAR<\/span>\n\t\t\t\t\t<\/span>\n\t\t\t\t\t<\/a>\n\t\t\t\t\t\t\t\t<\/div>\n\t\t\t\t<\/div>\n\t\t\t\t\t<\/div>\n\t\t\t\t<\/div>\n\t\t<div class=\"elementor-element elementor-element-978fc28 e-flex e-con-boxed e-con e-parent\" data-id=\"978fc28\" data-element_type=\"container\" data-e-type=\"container\">\n\t\t\t\t\t<div class=\"e-con-inner\">\n\t\t\t\t<div class=\"elementor-element elementor-element-68c9f8d elementor-widget elementor-widget-n-accordion\" data-id=\"68c9f8d\" data-element_type=\"widget\" data-e-type=\"widget\" data-settings=\"{&quot;default_state&quot;:&quot;expanded&quot;,&quot;max_items_expended&quot;:&quot;one&quot;,&quot;n_accordion_animation_duration&quot;:{&quot;unit&quot;:&quot;ms&quot;,&quot;size&quot;:400,&quot;sizes&quot;:[]}}\" data-widget_type=\"nested-accordion.default\">\n\t\t\t\t\t\t\t<div class=\"e-n-accordion\" aria-label=\"Accordion. Open links with Enter or Space, close with Escape, and navigate with Arrow Keys\">\n\t\t\t\t\t\t<details id=\"e-n-accordion-item-1090\" class=\"e-n-accordion-item\" open>\n\t\t\t\t<summary class=\"e-n-accordion-item-title\" data-accordion-index=\"1\" tabindex=\"0\" aria-expanded=\"true\" aria-controls=\"e-n-accordion-item-1090\" >\n\t\t\t\t\t<span class='e-n-accordion-item-title-header'><div class=\"e-n-accordion-item-title-text\"> Mision <\/div><\/span>\n\t\t\t\t\t\t\t<span class='e-n-accordion-item-title-icon'>\n\t\t\t<span class='e-opened' ><svg aria-hidden=\"true\" class=\"e-font-icon-svg e-fas-minus\" viewBox=\"0 0 448 512\" xmlns=\"http:\/\/www.w3.org\/2000\/svg\"><path d=\"M416 208H32c-17.67 0-32 14.33-32 32v32c0 17.67 14.33 32 32 32h384c17.67 0 32-14.33 32-32v-32c0-17.67-14.33-32-32-32z\"><\/path><\/svg><\/span>\n\t\t\t<span class='e-closed'><svg aria-hidden=\"true\" class=\"e-font-icon-svg e-fas-plus\" viewBox=\"0 0 448 512\" xmlns=\"http:\/\/www.w3.org\/2000\/svg\"><path d=\"M416 208H272V64c0-17.67-14.33-32-32-32h-32c-17.67 0-32 14.33-32 32v144H32c-17.67 0-32 14.33-32 32v32c0 17.67 14.33 32 32 32h144v144c0 17.67 14.33 32 32 32h32c17.67 0 32-14.33 32-32V304h144c17.67 0 32-14.33 32-32v-32c0-17.67-14.33-32-32-32z\"><\/path><\/svg><\/span>\n\t\t<\/span>\n\n\t\t\t\t\t\t<\/summary>\n\t\t\t\t<div role=\"region\" aria-labelledby=\"e-n-accordion-item-1090\" class=\"elementor-element elementor-element-e6e3db0 e-con-full e-flex e-con e-child\" data-id=\"e6e3db0\" data-element_type=\"container\" data-e-type=\"container\">\n\t\t<div role=\"region\" aria-labelledby=\"e-n-accordion-item-1090\" class=\"elementor-element elementor-element-f416ab6 e-flex e-con-boxed e-con e-child\" data-id=\"f416ab6\" data-element_type=\"container\" data-e-type=\"container\">\n\t\t\t\t\t<div class=\"e-con-inner\">\n\t\t\t\t<div class=\"elementor-element elementor-element-88626f0 elementor-widget elementor-widget-text-editor\" data-id=\"88626f0\" data-element_type=\"widget\" data-e-type=\"widget\" data-widget_type=\"text-editor.default\">\n\t\t\t\t\t\t\t\t\t<p data-start=\"1246\" data-end=\"1478\">La misi\u00f3n del <strong data-start=\"1260\" data-end=\"1306\">Seminario Teol\u00f3gico Reformado William Ames<\/strong> es <strong data-start=\"1310\" data-end=\"1347\">preparar siervos fieles de Cristo<\/strong> que proclamen su Palabra con integridad, defiendan la sana doctrina y pastoreen al pueblo de Dios conforme al modelo apost\u00f3lico.<\/p><p data-start=\"1480\" data-end=\"1841\">Buscamos promover una comprensi\u00f3n profunda de la <strong data-start=\"1529\" data-end=\"1549\">teolog\u00eda b\u00edblica<\/strong>, la <strong data-start=\"1554\" data-end=\"1588\">teolog\u00eda sistem\u00e1tica reformada<\/strong> y la <strong data-start=\"1594\" data-end=\"1616\">praxis ministerial<\/strong>, dentro de un marco de fidelidad confesional.<br data-start=\"1662\" data-end=\"1665\" \/>Nuestra labor educativa se fundamenta en la autoridad suprema de las Escrituras, fomentando el pensamiento cr\u00edtico, la piedad reformada y el servicio diligente en la iglesia.<\/p>\t\t\t\t\t\t\t\t<\/div>\n\t\t\t\t\t<\/div>\n\t\t\t\t<\/div>\n\t\t\t\t<\/div>\n\t\t\t\t\t<\/details>\n\t\t\t\t\t\t<details id=\"e-n-accordion-item-1091\" class=\"e-n-accordion-item\" >\n\t\t\t\t<summary class=\"e-n-accordion-item-title\" data-accordion-index=\"2\" tabindex=\"-1\" aria-expanded=\"false\" aria-controls=\"e-n-accordion-item-1091\" >\n\t\t\t\t\t<span class='e-n-accordion-item-title-header'><div class=\"e-n-accordion-item-title-text\"> Identidad confesional <\/div><\/span>\n\t\t\t\t\t\t\t<span class='e-n-accordion-item-title-icon'>\n\t\t\t<span class='e-opened' ><svg aria-hidden=\"true\" class=\"e-font-icon-svg e-fas-minus\" viewBox=\"0 0 448 512\" xmlns=\"http:\/\/www.w3.org\/2000\/svg\"><path d=\"M416 208H32c-17.67 0-32 14.33-32 32v32c0 17.67 14.33 32 32 32h384c17.67 0 32-14.33 32-32v-32c0-17.67-14.33-32-32-32z\"><\/path><\/svg><\/span>\n\t\t\t<span class='e-closed'><svg aria-hidden=\"true\" class=\"e-font-icon-svg e-fas-plus\" viewBox=\"0 0 448 512\" xmlns=\"http:\/\/www.w3.org\/2000\/svg\"><path d=\"M416 208H272V64c0-17.67-14.33-32-32-32h-32c-17.67 0-32 14.33-32 32v144H32c-17.67 0-32 14.33-32 32v32c0 17.67 14.33 32 32 32h144v144c0 17.67 14.33 32 32 32h32c17.67 0 32-14.33 32-32V304h144c17.67 0 32-14.33 32-32v-32c0-17.67-14.33-32-32-32z\"><\/path><\/svg><\/span>\n\t\t<\/span>\n\n\t\t\t\t\t\t<\/summary>\n\t\t\t\t<div role=\"region\" aria-labelledby=\"e-n-accordion-item-1091\" class=\"elementor-element elementor-element-ca06f28 e-con-full e-flex e-con e-child\" data-id=\"ca06f28\" data-element_type=\"container\" data-e-type=\"container\">\n\t\t<div role=\"region\" aria-labelledby=\"e-n-accordion-item-1091\" class=\"elementor-element elementor-element-23dd86a e-flex e-con-boxed e-con e-child\" data-id=\"23dd86a\" data-element_type=\"container\" data-e-type=\"container\">\n\t\t\t\t\t<div class=\"e-con-inner\">\n\t\t\t\t<div class=\"elementor-element elementor-element-1d3dc6f elementor-widget elementor-widget-text-editor\" data-id=\"1d3dc6f\" data-element_type=\"widget\" data-e-type=\"widget\" data-widget_type=\"text-editor.default\">\n\t\t\t\t\t\t\t\t\t<p data-start=\"1874\" data-end=\"2088\">El <strong data-start=\"1877\" data-end=\"1903\">Seminario William Ames<\/strong> se adhiere plenamente a la <strong data-start=\"1931\" data-end=\"1975\">tradici\u00f3n teol\u00f3gica reformada<\/strong>, expresada en los documentos hist\u00f3ricos <strong data-start=\"1994\" data-end=\"2023\">Est\u00e1ndares de Westminster<\/strong> (la Confesi\u00f3n de Fe, el Catecismo Mayor y el Catecismo Menor) y <strong data-start=\"1994\" data-end=\"2023\">Las Tres Formas de Unidad<\/strong> (la Confesi\u00f3n Belga, los Canones de Dort y el Catecismo de Heidelberg).<\/p><p data-start=\"2090\" data-end=\"2532\">Nuestra ense\u00f1anza, vida comunitaria y pr\u00e1ctica ministerial se desarrollan bajo esta cosmovisi\u00f3n b\u00edblica, destacando los pilares de la <strong data-start=\"2224\" data-end=\"2245\">soberan\u00eda de Dios<\/strong>, la <strong data-start=\"2250\" data-end=\"2280\">gracia redentora en Cristo<\/strong> y la <strong data-start=\"2286\" data-end=\"2319\">suficiencia de las Escrituras<\/strong>.<br data-start=\"2320\" data-end=\"2323\" \/>Buscamos que cada estudiante abrace un ministerio fiel a esta herencia, arraigado en la teolog\u00eda del pacto, el reinado mediatorial de Cristo y la misi\u00f3n de extender el Reino de Dios en todas las esferas de la vida.<\/p>\t\t\t\t\t\t\t\t<\/div>\n\t\t\t\t\t<\/div>\n\t\t\t\t<\/div>\n\t\t\t\t<\/div>\n\t\t\t\t\t<\/details>\n\t\t\t\t\t<\/div>\n\t\t\t\t\t\t<\/div>\n\t\t\t\t\t<\/div>\n\t\t\t\t<\/div>\n\t\t\t\t<\/div>\n\t\t","protected":false},"excerpt":{"rendered":"<p>Sobre nosotros Con\u00f3cenos mejor Acerca de STRWA El Seminario Teol\u00f3gico Reformado William Ames ofrece una formaci\u00f3n teol\u00f3gica profunda y fiel [&hellip;]<\/p>\n","protected":false},"author":1,"featured_media":0,"parent":0,"menu_order":0,"comment_status":"closed","ping_status":"closed","template":"","meta":{"site-sidebar-layout":"no-sidebar","site-content-layout":"","ast-site-content-layout":"full-width-container","site-content-style":"default","site-sidebar-style":"default","ast-global-header-display":"","ast-banner-title-visibility":"","ast-main-header-display":"","ast-hfb-above-header-display":"","ast-hfb-below-header-display":"","ast-hfb-mobile-header-display":"","site-post-title":"disabled","ast-breadcrumbs-content":"","ast-featured-img":"disabled","footer-sml-layout":"","ast-disable-related-posts":"","theme-transparent-header-meta":"","adv-header-id-meta":"","stick-header-meta":"","header-above-stick-meta":"","header-main-stick-meta":"","header-below-stick-meta":"","astra-migrate-meta-layouts":"default","ast-page-background-enabled":"default","ast-page-background-meta":{"desktop":{"background-color":"var(--ast-global-color-4)","background-image":"","background-repeat":"repeat","background-position":"center center","background-size":"auto","background-attachment":"scroll","background-type":"","background-media":"","overlay-type":"","overlay-color":"","overlay-opacity":"","overlay-gradient":""},"tablet":{"background-color":"","background-image":"","background-repeat":"repeat","background-position":"center center","background-size":"auto","background-attachment":"scroll","background-type":"","background-media":"","overlay-type":"","overlay-color":"","overlay-opacity":"","overlay-gradient":""},"mobile":{"background-color":"","background-image":"","background-repeat":"repeat","background-position":"center center","background-size":"auto","background-attachment":"scroll","background-type":"","background-media":"","overlay-type":"","overlay-color":"","overlay-opacity":"","overlay-gradient":""}},"ast-content-background-meta":{"desktop":{"background-color":"var(--ast-global-color-5)","background-image":"","background-repeat":"repeat","background-position":"center center","background-size":"auto","background-attachment":"scroll","background-type":"","background-media":"","overlay-type":"","overlay-color":"","overlay-opacity":"","overlay-gradient":""},"tablet":{"background-color":"var(--ast-global-color-5)","background-image":"","background-repeat":"repeat","background-position":"center center","background-size":"auto","background-attachment":"scroll","background-type":"","background-media":"","overlay-type":"","overlay-color":"","overlay-opacity":"","overlay-gradient":""},"mobile":{"background-color":"var(--ast-global-color-5)","background-image":"","background-repeat":"repeat","background-position":"center center","background-size":"auto","background-attachment":"scroll","background-type":"","background-media":"","overlay-type":"","overlay-color":"","overlay-opacity":"","overlay-gradient":""}},"footnotes":""},"class_list":["post-24","page","type-page","status-publish","hentry"],"_links":{"self":[{"href":"https:\/\/strwaedu.org\/index.php?rest_route=\/wp\/v2\/pages\/24","targetHints":{"allow":["GET"]}}],"collection":[{"href":"https:\/\/strwaedu.org\/index.php?rest_route=\/wp\/v2\/pages"}],"about":[{"href":"https:\/\/strwaedu.org\/index.php?rest_route=\/wp\/v2\/types\/page"}],"author":[{"embeddable":true,"href":"https:\/\/strwaedu.org\/index.php?rest_route=\/wp\/v2\/users\/1"}],"replies":[{"embeddable":true,"href":"https:\/\/strwaedu.org\/index.php?rest_route=%2Fwp%2Fv2%2Fcomments&post=24"}],"version-history":[{"count":23,"href":"https:\/\/strwaedu.org\/index.php?rest_route=\/wp\/v2\/pages\/24\/revisions"}],"predecessor-version":[{"id":235,"href":"https:\/\/strwaedu.org\/index.php?rest_route=\/wp\/v2\/pages\/24\/revisions\/235"}],"wp:attachment":[{"href":"https:\/\/strwaedu.org\/index.php?rest_route=%2Fwp%2Fv2%2Fmedia&parent=24"}],"curies":[{"name":"wp","href":"https:\/\/api.w.org\/{rel}","templated":true}]}}